{"id":14,"date":"2025-01-28T04:36:24","date_gmt":"2025-01-28T04:36:24","guid":{"rendered":"https:\/\/mafag-ag.ch\/?page_id=14"},"modified":"2025-02-02T17:48:19","modified_gmt":"2025-02-02T17:48:19","slug":"home","status":"publish","type":"page","link":"https:\/\/mafag-ag.ch\/","title":{"rendered":"Home"},"content":{"rendered":"\t\t<div data-elementor-type=\"wp-page\" data-elementor-id=\"14\" class=\"elementor elementor-14\">\n\t\t\t\t<div class=\"elementor-element elementor-element-e7ffdf7 e-flex e-con-boxed e-con e-parent\" data-id=\"e7ffdf7\" data-element_type=\"container\">\n\t\t\t\t\t<div class=\"e-con-inner\">\n\t\t\t\t\t<\/div>\n\t\t\t\t<\/div>\n\t\t<div class=\"elementor-element elementor-element-c640612 e-con-full e-flex e-con e-parent\" data-id=\"c640612\" data-element_type=\"container\">\n\t\t\t\t<div class=\"elementor-element elementor-element-20d244d elementor-widget__width-initial elementor-widget elementor-widget-image-carousel\" data-id=\"20d244d\" data-element_type=\"widget\" data-settings=\"{&quot;slides_to_show&quot;:&quot;1&quot;,&quot;navigation&quot;:&quot;none&quot;,&quot;autoplay&quot;:&quot;yes&quot;,&quot;pause_on_hover&quot;:&quot;yes&quot;,&quot;pause_on_interaction&quot;:&quot;yes&quot;,&quot;autoplay_speed&quot;:5000,&quot;infinite&quot;:&quot;yes&quot;,&quot;effect&quot;:&quot;slide&quot;,&quot;speed&quot;:500}\" data-widget_type=\"image-carousel.default\">\n\t\t\t\t<div class=\"elementor-widget-container\">\n\t\t\t\t\t\t\t<div class=\"elementor-image-carousel-wrapper swiper\" role=\"region\" aria-roledescription=\"carousel\" aria-label=\"Image Carousel\" dir=\"ltr\">\n\t\t\t<div class=\"elementor-image-carousel swiper-wrapper\" aria-live=\"off\">\n\t\t\t\t\t\t\t\t<div class=\"swiper-slide\" role=\"group\" aria-roledescription=\"slide\" aria-label=\"1 of 2\"><figure class=\"swiper-slide-inner\"><img decoding=\"async\" class=\"swiper-slide-image\" src=\"https:\/\/mafag-ag.ch\/wp-content\/uploads\/2025\/02\/Mechanik_1.jpg\" alt=\"Mechanik_1\" \/><\/figure><\/div><div class=\"swiper-slide\" role=\"group\" aria-roledescription=\"slide\" aria-label=\"2 of 2\"><figure class=\"swiper-slide-inner\"><img decoding=\"async\" class=\"swiper-slide-image\" src=\"https:\/\/mafag-ag.ch\/wp-content\/uploads\/2025\/02\/engineering_1-scaled.jpg\" alt=\"engineering_1\" \/><\/figure><\/div>\t\t\t<\/div>\n\t\t\t\t\t\t\t\n\t\t\t\t\t\t\t\t\t<\/div>\n\t\t\t\t\t\t<\/div>\n\t\t\t\t<\/div>\n\t\t\t\t<\/div>\n\t\t<div class=\"elementor-element elementor-element-ddb401c e-flex e-con-boxed e-con e-parent\" data-id=\"ddb401c\" data-element_type=\"container\">\n\t\t\t\t\t<div class=\"e-con-inner\">\n\t\t\t\t<div class=\"elementor-element elementor-element-f79d403 elementor-widget elementor-widget-text-editor\" data-id=\"f79d403\" data-element_type=\"widget\" data-widget_type=\"text-editor.default\">\n\t\t\t\t<div class=\"elementor-widget-container\">\n\t\t\t\t\t\t\t\t\t<p><span data-contrast=\"auto\">Die MAFAG AG ist ein Dienstleistungsunternehmen f\u00fcr Bahntechnik Engineering, und Herstellung von Feinmechanischen Bauteilen. Ausserdem verf\u00fcgen wir \u00fcber eine kleine Produktepalette von eigenen Produkten welche in unserem Haus entwickelt, gefertigt und vertrieben werden. Unser Unternehmen arbeitet gemeinsam mit eigenen Mitarbeiter*innen, externen<\/span><span data-contrast=\"none\"> Spezialist*innen und Partnerfirmen zusammen.\u00a0<\/span><\/p><p><span data-contrast=\"none\">Wir sind ein kleines Familienunternehmen in 3. Generation und Arbeiten Teamorientiert und Partnerschaftlich\u2026<\/span><\/p><p><span data-contrast=\"none\">Effiziente Projektabwicklung und L\u00f6sungen aus einer Hand.<\/span><\/p>\t\t\t\t\t\t\t\t<\/div>\n\t\t\t\t<\/div>\n\t\t\t\t\t<\/div>\n\t\t\t\t<\/div>\n\t\t<div class=\"elementor-element elementor-element-6b87bcf e-flex e-con-boxed e-con e-parent\" data-id=\"6b87bcf\" data-element_type=\"container\" data-settings=\"{&quot;background_background&quot;:&quot;classic&quot;}\">\n\t\t\t\t\t<div class=\"e-con-inner\">\n\t\t<div class=\"elementor-element elementor-element-d627174 e-con-full e-flex e-con e-child\" data-id=\"d627174\" data-element_type=\"container\" data-settings=\"{&quot;background_background&quot;:&quot;classic&quot;}\">\n\t\t\t\t<div class=\"elementor-element elementor-element-fa06818 elementor-widget elementor-widget-spacer\" data-id=\"fa06818\" data-element_type=\"widget\" data-widget_type=\"spacer.default\">\n\t\t\t\t<div class=\"elementor-widget-container\">\n\t\t\t\t\t\t\t<div class=\"elementor-spacer\">\n\t\t\t<div class=\"elementor-spacer-inner\"><\/div>\n\t\t<\/div>\n\t\t\t\t\t\t<\/div>\n\t\t\t\t<\/div>\n\t\t\t\t<div class=\"elementor-element elementor-element-4f1a50a elementor-widget elementor-widget-heading\" data-id=\"4f1a50a\" data-element_type=\"widget\" data-widget_type=\"heading.default\">\n\t\t\t\t<div class=\"elementor-widget-container\">\n\t\t\t\t\t<h2 class=\"elementor-heading-title elementor-size-default\">Engineering<\/h2>\t\t\t\t<\/div>\n\t\t\t\t<\/div>\n\t\t\t\t<div class=\"elementor-element elementor-element-9c03a5d elementor-widget elementor-widget-image\" data-id=\"9c03a5d\" data-element_type=\"widget\" data-widget_type=\"image.default\">\n\t\t\t\t<div class=\"elementor-widget-container\">\n\t\t\t\t\t\t\t\t\t\t\t\t\t\t\t<img decoding=\"async\" src=\"https:\/\/mafag-ag.ch\/wp-content\/uploads\/elementor\/thumbs\/engineering_1-scaled-r38wvf72g7tvu9xwnaywy3zuoer9japtyzlmmbwap8.jpg\" title=\"engineering_1\" alt=\"engineering_1\" loading=\"lazy\" \/>\t\t\t\t\t\t\t\t\t\t\t\t\t\t\t<\/div>\n\t\t\t\t<\/div>\n\t\t\t\t<div class=\"elementor-element elementor-element-8b8f926 elementor-widget elementor-widget-text-editor\" data-id=\"8b8f926\" data-element_type=\"widget\" data-widget_type=\"text-editor.default\">\n\t\t\t\t<div class=\"elementor-widget-container\">\n\t\t\t\t\t\t\t\t\t<p><span class=\"TextRun SCXO74678438 BCX4\" lang=\"DE-DE\" xml:lang=\"DE-DE\" data-contrast=\"auto\"><span class=\"NormalTextRun SCXO74678438 BCX4\">Engineering ist der j\u00fcngste Gesch\u00e4ftsbereich der MAFAG AG. Wir bieten die Planung f\u00fcr Bahntechnikanlagen, Elektroplanung sowie die Fachbauleitung \u00fcber s\u00e4mtliche Projektphasen von der Vorstudie bis zur Inbetriebnahme an. Ob konventionell geplant oder mit BIM wir planen f\u00fcr sie Ihre Anlagen.<\/span><\/span><span class=\"EOP SCXO74678438 BCX4\">\u00a0<\/span><\/p>\t\t\t\t\t\t\t\t<\/div>\n\t\t\t\t<\/div>\n\t\t\t\t<\/div>\n\t\t<div class=\"elementor-element elementor-element-eb69ba5 e-con-full e-flex e-con e-child\" data-id=\"eb69ba5\" data-element_type=\"container\" data-settings=\"{&quot;background_background&quot;:&quot;classic&quot;}\">\n\t\t\t\t<div class=\"elementor-element elementor-element-63be9a8 elementor-widget elementor-widget-spacer\" data-id=\"63be9a8\" data-element_type=\"widget\" data-widget_type=\"spacer.default\">\n\t\t\t\t<div class=\"elementor-widget-container\">\n\t\t\t\t\t\t\t<div class=\"elementor-spacer\">\n\t\t\t<div class=\"elementor-spacer-inner\"><\/div>\n\t\t<\/div>\n\t\t\t\t\t\t<\/div>\n\t\t\t\t<\/div>\n\t\t\t\t<div class=\"elementor-element elementor-element-fd841ef elementor-widget elementor-widget-heading\" data-id=\"fd841ef\" data-element_type=\"widget\" data-widget_type=\"heading.default\">\n\t\t\t\t<div class=\"elementor-widget-container\">\n\t\t\t\t\t<h2 class=\"elementor-heading-title elementor-size-default\">Mechanik<\/h2>\t\t\t\t<\/div>\n\t\t\t\t<\/div>\n\t\t\t\t<div class=\"elementor-element elementor-element-9e8e4e0 elementor-widget elementor-widget-image\" data-id=\"9e8e4e0\" data-element_type=\"widget\" data-widget_type=\"image.default\">\n\t\t\t\t<div class=\"elementor-widget-container\">\n\t\t\t\t\t\t\t\t\t\t\t\t\t\t\t<img decoding=\"async\" src=\"https:\/\/mafag-ag.ch\/wp-content\/uploads\/elementor\/thumbs\/Mechanik_1-r38wvf72g7tvu9xwnaywy3zuoer9japtyzlmmbwap8.jpg\" title=\"Mechanik_1\" alt=\"Mechanik_1\" loading=\"lazy\" \/>\t\t\t\t\t\t\t\t\t\t\t\t\t\t\t<\/div>\n\t\t\t\t<\/div>\n\t\t\t\t<div class=\"elementor-element elementor-element-4a6bbad elementor-widget elementor-widget-text-editor\" data-id=\"4a6bbad\" data-element_type=\"widget\" data-widget_type=\"text-editor.default\">\n\t\t\t\t<div class=\"elementor-widget-container\">\n\t\t\t\t\t\t\t\t\t<p><span data-contrast=\"auto\">Pr\u00e4zisionstechnik geh\u00f6rt seit mehr als 40 Jahren zu unserer Kernkompetenz. <\/span><span data-contrast=\"auto\">Wir bieten Pr\u00e4zisionsteile aus unterschiedlichen Materialien f\u00fcr h\u00f6chste Qualit\u00e4tsanspr\u00fcche an. <\/span><span data-contrast=\"auto\">Die partnerschaftliche Zusammenarbeit mit anderen Unternehmen ist zu ihrem Vorteil. <\/span><span data-contrast=\"auto\">Im Mittelpunkt steht der Kunde, das konkrete Anliegen und eine individuelle L\u00f6sung.<\/span>\u00a0<\/p>\t\t\t\t\t\t\t\t<\/div>\n\t\t\t\t<\/div>\n\t\t\t\t<\/div>\n\t\t<div class=\"elementor-element elementor-element-c8de703 e-con-full e-flex e-con e-child\" data-id=\"c8de703\" data-element_type=\"container\" data-settings=\"{&quot;background_background&quot;:&quot;classic&quot;}\">\n\t\t\t\t<div class=\"elementor-element elementor-element-f11af58 elementor-widget elementor-widget-spacer\" data-id=\"f11af58\" data-element_type=\"widget\" data-widget_type=\"spacer.default\">\n\t\t\t\t<div class=\"elementor-widget-container\">\n\t\t\t\t\t\t\t<div class=\"elementor-spacer\">\n\t\t\t<div class=\"elementor-spacer-inner\"><\/div>\n\t\t<\/div>\n\t\t\t\t\t\t<\/div>\n\t\t\t\t<\/div>\n\t\t\t\t<div class=\"elementor-element elementor-element-209b20d elementor-widget elementor-widget-heading\" data-id=\"209b20d\" data-element_type=\"widget\" data-widget_type=\"heading.default\">\n\t\t\t\t<div class=\"elementor-widget-container\">\n\t\t\t\t\t<h2 class=\"elementor-heading-title elementor-size-default\">Produkte<\/h2>\t\t\t\t<\/div>\n\t\t\t\t<\/div>\n\t\t\t\t<div class=\"elementor-element elementor-element-7745b0b elementor-widget elementor-widget-image\" data-id=\"7745b0b\" data-element_type=\"widget\" data-widget_type=\"image.default\">\n\t\t\t\t<div class=\"elementor-widget-container\">\n\t\t\t\t\t\t\t\t\t\t\t\t\t\t\t<img decoding=\"async\" src=\"https:\/\/mafag-ag.ch\/wp-content\/uploads\/elementor\/thumbs\/8e5360_23eb4f91e03d4f48ab20bb1eb77b8e7b.jpg-r38wvf72g7tvu9xwnaywy3zuoer9japtyzlmmbwap8.png\" title=\"8e5360_23eb4f91e03d4f48ab20bb1eb77b8e7b.jpg\" alt=\"8e5360_23eb4f91e03d4f48ab20bb1eb77b8e7b.jpg\" loading=\"lazy\" \/>\t\t\t\t\t\t\t\t\t\t\t\t\t\t\t<\/div>\n\t\t\t\t<\/div>\n\t\t\t\t<div class=\"elementor-element elementor-element-22a6718 elementor-widget elementor-widget-text-editor\" data-id=\"22a6718\" data-element_type=\"widget\" data-widget_type=\"text-editor.default\">\n\t\t\t\t<div class=\"elementor-widget-container\">\n\t\t\t\t\t\t\t\t\t<p><span data-contrast=\"auto\">Wir haben zwei Produkte entwickelt, welche in unserem Haus hergestellt und von uns vertrieben werden.<\/span>\u00a0<\/p><p><span data-contrast=\"auto\">Gala Clip: Der Blumenhalter f\u00fcr Floristen zu Versch\u00f6nerung festlicher Anl\u00e4sse mit Blumenschmuck (oder &#171;Ansteckstr\u00e4usschen&#187;)<\/span>\u00a0<\/p><p><span data-contrast=\"auto\">Pic-Stick: Der Hygienische, wiederverwendbare, schneller Grillspiess<\/span>\u00a0<\/p>\t\t\t\t\t\t\t\t<\/div>\n\t\t\t\t<\/div>\n\t\t\t\t<\/div>\n\t\t<div class=\"elementor-element elementor-element-0b752ed e-con-full e-flex e-con e-child\" data-id=\"0b752ed\" data-element_type=\"container\">\n\t\t\t\t<\/div>\n\t\t<div class=\"elementor-element elementor-element-e5f0b74 e-con-full e-flex e-con e-child\" data-id=\"e5f0b74\" data-element_type=\"container\">\n\t\t\t\t<\/div>\n\t\t<div class=\"elementor-element elementor-element-54dc1e0 e-con-full e-flex e-con e-child\" data-id=\"54dc1e0\" data-element_type=\"container\">\n\t\t\t\t<\/div>\n\t\t\t\t\t<\/div>\n\t\t\t\t<\/div>\n\t\t\t\t<\/div>\n\t\t","protected":false},"excerpt":{"rendered":"<p>Die MAFAG AG ist ein Dienstleistungsunternehmen f\u00fcr Bahntechnik Engineering, und Herstellung von Feinmechanischen Bauteilen. Ausserdem verf\u00fcgen wir \u00fcber eine kleine Produktepalette von eigenen Produkten welche in unserem Haus entwickelt, gefertigt und vertrieben werden. Unser Unternehmen arbeitet gemeinsam mit eigenen Mitarbeiter*innen, externen Spezialist*innen und Partnerfirmen zusammen.\u00a0 Wir sind ein kleines Familienunternehmen in 3. Generation und Arbeiten [&hellip;]<\/p>\n","protected":false},"author":1,"featured_media":0,"parent":0,"menu_order":0,"comment_status":"closed","ping_status":"closed","template":"","meta":{"footnotes":""},"class_list":["post-14","page","type-page","status-publish","hentry"],"jetpack_sharing_enabled":true,"_links":{"self":[{"href":"https:\/\/mafag-ag.ch\/index.php\/wp-json\/wp\/v2\/pages\/14","targetHints":{"allow":["GET"]}}],"collection":[{"href":"https:\/\/mafag-ag.ch\/index.php\/wp-json\/wp\/v2\/pages"}],"about":[{"href":"https:\/\/mafag-ag.ch\/index.php\/wp-json\/wp\/v2\/types\/page"}],"author":[{"embeddable":true,"href":"https:\/\/mafag-ag.ch\/index.php\/wp-json\/wp\/v2\/users\/1"}],"replies":[{"embeddable":true,"href":"https:\/\/mafag-ag.ch\/index.php\/wp-json\/wp\/v2\/comments?post=14"}],"version-history":[{"count":163,"href":"https:\/\/mafag-ag.ch\/index.php\/wp-json\/wp\/v2\/pages\/14\/revisions"}],"predecessor-version":[{"id":251,"href":"https:\/\/mafag-ag.ch\/index.php\/wp-json\/wp\/v2\/pages\/14\/revisions\/251"}],"wp:attachment":[{"href":"https:\/\/mafag-ag.ch\/index.php\/wp-json\/wp\/v2\/media?parent=14"}],"curies":[{"name":"wp","href":"https:\/\/api.w.org\/{rel}","templated":true}]}}