{"id":141,"date":"2025-01-28T06:21:09","date_gmt":"2025-01-28T06:21:09","guid":{"rendered":"https:\/\/mafag-ag.ch\/?page_id=141"},"modified":"2025-03-22T20:13:02","modified_gmt":"2025-03-22T20:13:02","slug":"bahntechnik","status":"publish","type":"page","link":"https:\/\/mafag-ag.ch\/index.php\/bahntechnik\/","title":{"rendered":"Bahntechnik"},"content":{"rendered":"\t\t<div data-elementor-type=\"wp-page\" data-elementor-id=\"141\" class=\"elementor elementor-141\">\n\t\t\t\t<div class=\"elementor-element elementor-element-cf92e44 e-flex e-con-boxed e-con e-parent\" data-id=\"cf92e44\" data-element_type=\"container\">\n\t\t\t\t\t<div class=\"e-con-inner\">\n\t\t\t\t<div class=\"elementor-element elementor-element-e64d5e6 elementor-widget elementor-widget-heading\" data-id=\"e64d5e6\" data-element_type=\"widget\" data-widget_type=\"heading.default\">\n\t\t\t\t<div class=\"elementor-widget-container\">\n\t\t\t\t\t<h2 class=\"elementor-heading-title elementor-size-default\">Fachbauleitung\u200b<\/h2>\t\t\t\t<\/div>\n\t\t\t\t<\/div>\n\t\t\t\t<div class=\"elementor-element elementor-element-809178f elementor-widget elementor-widget-text-editor\" data-id=\"809178f\" data-element_type=\"widget\" data-widget_type=\"text-editor.default\">\n\t\t\t\t<div class=\"elementor-widget-container\">\n\t\t\t\t\t\t\t\t\t<p><span data-contrast=\"auto\">Die Fachbauleitung gew\u00e4hrleistet die reibungslose und fachgerechte Umsetzung Ihres Bauprojekts.\u00a0<\/span>\u00a0<\/p><p><span data-contrast=\"auto\">Wir bieten Bauphasenplanung f\u00fcr die von uns geplanten Projektbestandteile an.<\/span>\u00a0<\/p>\t\t\t\t\t\t\t\t<\/div>\n\t\t\t\t<\/div>\n\t\t\t\t\t<\/div>\n\t\t\t\t<\/div>\n\t\t<div class=\"elementor-element elementor-element-bfd3c0d e-con-full e-flex e-con e-parent\" data-id=\"bfd3c0d\" data-element_type=\"container\" data-settings=\"{&quot;background_background&quot;:&quot;classic&quot;}\">\n\t\t<div class=\"elementor-element elementor-element-64d0111 e-con-full e-flex e-con e-child\" data-id=\"64d0111\" data-element_type=\"container\" data-settings=\"{&quot;background_background&quot;:&quot;classic&quot;}\">\n\t\t\t\t<div class=\"elementor-element elementor-element-8f290b2 elementor-widget elementor-widget-spacer\" data-id=\"8f290b2\" data-element_type=\"widget\" data-widget_type=\"spacer.default\">\n\t\t\t\t<div class=\"elementor-widget-container\">\n\t\t\t\t\t\t\t<div class=\"elementor-spacer\">\n\t\t\t<div class=\"elementor-spacer-inner\"><\/div>\n\t\t<\/div>\n\t\t\t\t\t\t<\/div>\n\t\t\t\t<\/div>\n\t\t\t\t<div class=\"elementor-element elementor-element-b5509d3 elementor-widget elementor-widget-heading\" data-id=\"b5509d3\" data-element_type=\"widget\" data-widget_type=\"heading.default\">\n\t\t\t\t<div class=\"elementor-widget-container\">\n\t\t\t\t\t<h2 class=\"elementor-heading-title elementor-size-default\">Kabelanlagen\u200b\u200b\u200b<\/h2>\t\t\t\t<\/div>\n\t\t\t\t<\/div>\n\t\t\t\t<div class=\"elementor-element elementor-element-bc425cc elementor-widget elementor-widget-text-editor\" data-id=\"bc425cc\" data-element_type=\"widget\" data-widget_type=\"text-editor.default\">\n\t\t\t\t<div class=\"elementor-widget-container\">\n\t\t\t\t\t\t\t\t\t<p><span class=\"TextRun SCXO22182532 BCX4\" lang=\"DE-CH\" xml:lang=\"DE-CH\" data-contrast=\"auto\"><span class=\"NormalTextRun SCXO22182532 BCX4\">Kabelanlagen sind das R\u00fcckgrat der modernen Bahninfrastruktur und sorgen f\u00fcr die zuverl\u00e4ssige \u00dcbertragung von Energie, Signalen und Daten. Sie erm\u00f6glichen den reibungslosen Betrieb von Z\u00fcgen und Sicherheitssystemen und sind entscheidend f\u00fcr die Leistungsf\u00e4higkeit und Ausfallsicherheit von Bahnanlagen. Unsere projektspezifischen L\u00f6sungen garantieren, dass elektrische Kabel und Leitungen optimal gesch\u00fctzt und effizient verlegt werden. Durch den Einsatz geeigneter Materialien und Bauverfahren minimieren wir das Risiko von Besch\u00e4digungen durch Umwelteinfl\u00fcsse oder mechanischen Beanspruchungen. Unsere Planung ber\u00fccksichtigt alle relevanten Sicherheitsstandards und Vorschriften. Dies sorgt daf\u00fcr, dass die Kabelschutzanlagen den speziellen Anforderungen des Bahnbetriebs gerecht werden. So tragen wir massgeblich zu einem sicheren und effizienten Bahnverkehr bei, w\u00e4hrend wir langlebige und wartungsarme Kabelsysteme gew\u00e4hrleisten.<\/span><\/span><span class=\"EOP SCXO22182532 BCX4\">\u00a0<\/span><\/p>\t\t\t\t\t\t\t\t<\/div>\n\t\t\t\t<\/div>\n\t\t\t\t<\/div>\n\t\t<div class=\"elementor-element elementor-element-f0d0dbd e-con-full e-flex e-con e-child\" data-id=\"f0d0dbd\" data-element_type=\"container\" data-settings=\"{&quot;background_background&quot;:&quot;classic&quot;}\">\n\t\t\t\t<div class=\"elementor-element elementor-element-d5d2498 elementor-widget elementor-widget-spacer\" data-id=\"d5d2498\" data-element_type=\"widget\" data-widget_type=\"spacer.default\">\n\t\t\t\t<div class=\"elementor-widget-container\">\n\t\t\t\t\t\t\t<div class=\"elementor-spacer\">\n\t\t\t<div class=\"elementor-spacer-inner\"><\/div>\n\t\t<\/div>\n\t\t\t\t\t\t<\/div>\n\t\t\t\t<\/div>\n\t\t\t\t<div class=\"elementor-element elementor-element-1bfb8bc elementor-widget elementor-widget-heading\" data-id=\"1bfb8bc\" data-element_type=\"widget\" data-widget_type=\"heading.default\">\n\t\t\t\t<div class=\"elementor-widget-container\">\n\t\t\t\t\t<h2 class=\"elementor-heading-title elementor-size-default\">Erdungs- und R\u00fcckleitungskonzepte <\/h2>\t\t\t\t<\/div>\n\t\t\t\t<\/div>\n\t\t\t\t<div class=\"elementor-element elementor-element-9b4b25b elementor-widget elementor-widget-text-editor\" data-id=\"9b4b25b\" data-element_type=\"widget\" data-widget_type=\"text-editor.default\">\n\t\t\t\t<div class=\"elementor-widget-container\">\n\t\t\t\t\t\t\t\t\t<p><span class=\"TextRun SCXO243194480 BCX4\" lang=\"DE-CH\" xml:lang=\"DE-CH\" data-contrast=\"auto\"><span class=\"NormalTextRun SCXO243194480 BCX4\">Erdungs- und R\u00fcckleitungsysteme sind essenziell f\u00fcr die sichere Stromversorgung und den st\u00f6rungsfreien Betrieb von Bahnanlagen. Ein gut durchdachtes Erdungs- und R\u00fcckleitungssystem sorgt nicht nur f\u00fcr die Sicherheit von Personal und Passagieren, sondern sch\u00fctzt auch die technische Infrastruktur vor Sch\u00e4den. Zudem gew\u00e4hrleisten R\u00fcckleitungskonzepte eine effiziente R\u00fcckf\u00fchrung des Betriebsstroms in das Bahnstromnetz, was die Stabilit\u00e4t des gesamten Systems erh\u00f6ht.\u00a0<\/span><\/span><span class=\"EOP SCXO243194480 BCX4\">\u00a0<\/span><\/p>\t\t\t\t\t\t\t\t<\/div>\n\t\t\t\t<\/div>\n\t\t\t\t<\/div>\n\t\t<div class=\"elementor-element elementor-element-b9e2133 e-con-full e-flex e-con e-child\" data-id=\"b9e2133\" data-element_type=\"container\" data-settings=\"{&quot;background_background&quot;:&quot;classic&quot;}\">\n\t\t\t\t<div class=\"elementor-element elementor-element-353eca9 elementor-widget elementor-widget-spacer\" data-id=\"353eca9\" data-element_type=\"widget\" data-widget_type=\"spacer.default\">\n\t\t\t\t<div class=\"elementor-widget-container\">\n\t\t\t\t\t\t\t<div class=\"elementor-spacer\">\n\t\t\t<div class=\"elementor-spacer-inner\"><\/div>\n\t\t<\/div>\n\t\t\t\t\t\t<\/div>\n\t\t\t\t<\/div>\n\t\t\t\t<div class=\"elementor-element elementor-element-4c9f4e9 elementor-widget elementor-widget-heading\" data-id=\"4c9f4e9\" data-element_type=\"widget\" data-widget_type=\"heading.default\">\n\t\t\t\t<div class=\"elementor-widget-container\">\n\t\t\t\t\t<h2 class=\"elementor-heading-title elementor-size-default\">Bauphasenplanung<\/h2>\t\t\t\t<\/div>\n\t\t\t\t<\/div>\n\t\t\t\t<div class=\"elementor-element elementor-element-ec34a7a elementor-widget elementor-widget-text-editor\" data-id=\"ec34a7a\" data-element_type=\"widget\" data-widget_type=\"text-editor.default\">\n\t\t\t\t<div class=\"elementor-widget-container\">\n\t\t\t\t\t\t\t\t\t<p><span data-contrast=\"auto\">Die Bauphasenplanung ist ein entscheidender Bestandteil jedes Bauprojekts. Sie strukturiert den gesamten Bauablauf in klare, zeitlich abgestimmte Abschnitte \u2013 von der Vorbereitung \u00fcber den Rohbau bis hin zur Fertigstellung. Eine pr\u00e4zise Planung sorgt daf\u00fcr, dass alle Gewerke reibungslos zusammenarbeiten und die Termine eingehalten werden. Mit einer professionellen Bauphasenplanung sichern Sie die Effizienz und Qualit\u00e4t Ihres Bauvorhabens und minimieren das Risiko von Verz\u00f6gerungen oder unerwarteten Kosten.\u00a0<\/span>\u00a0<\/p><p><span data-contrast=\"auto\">Wir bieten Bauphasenplanung f\u00fcr die von uns geplanten Projektbestandteile an.<\/span>\u00a0<\/p>\t\t\t\t\t\t\t\t<\/div>\n\t\t\t\t<\/div>\n\t\t\t\t<\/div>\n\t\t<div class=\"elementor-element elementor-element-dc679be e-con-full e-flex e-con e-child\" data-id=\"dc679be\" data-element_type=\"container\" data-settings=\"{&quot;background_background&quot;:&quot;classic&quot;}\">\n\t\t\t\t<div class=\"elementor-element elementor-element-41d8604 elementor-widget elementor-widget-spacer\" data-id=\"41d8604\" data-element_type=\"widget\" data-widget_type=\"spacer.default\">\n\t\t\t\t<div class=\"elementor-widget-container\">\n\t\t\t\t\t\t\t<div class=\"elementor-spacer\">\n\t\t\t<div class=\"elementor-spacer-inner\"><\/div>\n\t\t<\/div>\n\t\t\t\t\t\t<\/div>\n\t\t\t\t<\/div>\n\t\t\t\t<div class=\"elementor-element elementor-element-8ccb259 elementor-widget elementor-widget-heading\" data-id=\"8ccb259\" data-element_type=\"widget\" data-widget_type=\"heading.default\">\n\t\t\t\t<div class=\"elementor-widget-container\">\n\t\t\t\t\t<h2 class=\"elementor-heading-title elementor-size-default\">Weichenheizungsanlagen<\/h2>\t\t\t\t<\/div>\n\t\t\t\t<\/div>\n\t\t\t\t<div class=\"elementor-element elementor-element-dcb5fa4 elementor-widget elementor-widget-text-editor\" data-id=\"dcb5fa4\" data-element_type=\"widget\" data-widget_type=\"text-editor.default\">\n\t\t\t\t<div class=\"elementor-widget-container\">\n\t\t\t\t\t\t\t\t\t<p><span class=\"TextRun SCXO241786472 BCX4\" lang=\"DE-CH\" xml:lang=\"DE-CH\" data-contrast=\"auto\"><span class=\"NormalTextRun SCXO241786472 BCX4\">Weichenheizungsanlagen sind unerl\u00e4sslich, um den Bahnverkehr auch bei winterlichen Wetterbedingungen sicher und zuverl\u00e4ssig aufrechtzuerhalten. Sie verhindern das Vereisen und Festfrieren von Weichen, sodass der Zugverkehr auch bei Schnee und Eis st\u00f6rungsfrei funktioniert. Moderne Weichenheizungen, ob elektrisch oder gasbetrieben, bieten eine energieeffiziente L\u00f6sung, die den Betriebsablauf optimiert und Ausf\u00e4lle minimiert. Mit einer zuverl\u00e4ssigen Weichenheizungsanlage stellen Sie sicher, dass Ihre Infrastruktur auch in der kalten Jahreszeit voll funktionsf\u00e4hig bleibt \u2013 f\u00fcr maximale Sicherheit und P\u00fcnktlichkeit im Schienenverkehr.<\/span><\/span><span class=\"EOP SCXO241786472 BCX4\">\u00a0<\/span><\/p>\t\t\t\t\t\t\t\t<\/div>\n\t\t\t\t<\/div>\n\t\t\t\t<\/div>\n\t\t\t\t<\/div>\n\t\t\t\t<\/div>\n\t\t","protected":false},"excerpt":{"rendered":"<p>Fachbauleitung\u200b Die Fachbauleitung gew\u00e4hrleistet die reibungslose und fachgerechte Umsetzung Ihres Bauprojekts.\u00a0\u00a0 Wir bieten Bauphasenplanung f\u00fcr die von uns geplanten Projektbestandteile an.\u00a0 Kabelanlagen\u200b\u200b\u200b Kabelanlagen sind das R\u00fcckgrat der modernen Bahninfrastruktur und sorgen f\u00fcr die zuverl\u00e4ssige \u00dcbertragung von Energie, Signalen und Daten. Sie erm\u00f6glichen den reibungslosen Betrieb von Z\u00fcgen und Sicherheitssystemen und sind entscheidend f\u00fcr die Leistungsf\u00e4higkeit [&hellip;]<\/p>\n","protected":false},"author":1,"featured_media":0,"parent":0,"menu_order":0,"comment_status":"closed","ping_status":"closed","template":"elementor_header_footer","meta":{"footnotes":""},"class_list":["post-141","page","type-page","status-publish","hentry"],"jetpack_sharing_enabled":true,"_links":{"self":[{"href":"https:\/\/mafag-ag.ch\/index.php\/wp-json\/wp\/v2\/pages\/141","targetHints":{"allow":["GET"]}}],"collection":[{"href":"https:\/\/mafag-ag.ch\/index.php\/wp-json\/wp\/v2\/pages"}],"about":[{"href":"https:\/\/mafag-ag.ch\/index.php\/wp-json\/wp\/v2\/types\/page"}],"author":[{"embeddable":true,"href":"https:\/\/mafag-ag.ch\/index.php\/wp-json\/wp\/v2\/users\/1"}],"replies":[{"embeddable":true,"href":"https:\/\/mafag-ag.ch\/index.php\/wp-json\/wp\/v2\/comments?post=141"}],"version-history":[{"count":94,"href":"https:\/\/mafag-ag.ch\/index.php\/wp-json\/wp\/v2\/pages\/141\/revisions"}],"predecessor-version":[{"id":419,"href":"https:\/\/mafag-ag.ch\/index.php\/wp-json\/wp\/v2\/pages\/141\/revisions\/419"}],"wp:attachment":[{"href":"https:\/\/mafag-ag.ch\/index.php\/wp-json\/wp\/v2\/media?parent=141"}],"curies":[{"name":"wp","href":"https:\/\/api.w.org\/{rel}","templated":true}]}}