{"id":16,"date":"2025-01-28T04:36:51","date_gmt":"2025-01-28T04:36:51","guid":{"rendered":"https:\/\/mafag-ag.ch\/?page_id=16"},"modified":"2025-02-02T18:51:42","modified_gmt":"2025-02-02T18:51:42","slug":"engineering","status":"publish","type":"page","link":"https:\/\/mafag-ag.ch\/index.php\/engineering\/","title":{"rendered":"Engineering"},"content":{"rendered":"\t\t<div data-elementor-type=\"wp-page\" data-elementor-id=\"16\" class=\"elementor elementor-16\">\n\t\t\t\t<div class=\"elementor-element elementor-element-0837201 e-flex e-con-boxed e-con e-parent\" data-id=\"0837201\" data-element_type=\"container\">\n\t\t\t\t\t<div class=\"e-con-inner\">\n\t\t<div class=\"elementor-element elementor-element-b0a370c e-con-full e-flex e-con e-child\" data-id=\"b0a370c\" data-element_type=\"container\" data-settings=\"{&quot;background_background&quot;:&quot;classic&quot;}\">\n\t\t\t\t<div class=\"elementor-element elementor-element-1e0b3c4 elementor-widget elementor-widget-spacer\" data-id=\"1e0b3c4\" data-element_type=\"widget\" data-widget_type=\"spacer.default\">\n\t\t\t\t<div class=\"elementor-widget-container\">\n\t\t\t\t\t\t\t<div class=\"elementor-spacer\">\n\t\t\t<div class=\"elementor-spacer-inner\"><\/div>\n\t\t<\/div>\n\t\t\t\t\t\t<\/div>\n\t\t\t\t<\/div>\n\t\t\t\t<div class=\"elementor-element elementor-element-8e98f31 elementor-widget elementor-widget-heading\" data-id=\"8e98f31\" data-element_type=\"widget\" data-widget_type=\"heading.default\">\n\t\t\t\t<div class=\"elementor-widget-container\">\n\t\t\t\t\t<h2 class=\"elementor-heading-title elementor-size-default\"><a href=\"https:\/\/mafag-ag.ch\/index.php\/bahntechnik\/\">Engineering<\/a><\/h2>\t\t\t\t<\/div>\n\t\t\t\t<\/div>\n\t\t\t\t<div class=\"elementor-element elementor-element-1793a0d elementor-widget elementor-widget-image\" data-id=\"1793a0d\" data-element_type=\"widget\" data-widget_type=\"image.default\">\n\t\t\t\t<div class=\"elementor-widget-container\">\n\t\t\t\t\t\t\t\t\t\t\t\t\t\t\t\t<a href=\"https:\/\/mafag-ag.ch\/index.php\/bahntechnik\/\">\n\t\t\t\t\t\t\t<img decoding=\"async\" src=\"https:\/\/mafag-ag.ch\/wp-content\/uploads\/elementor\/thumbs\/engineering_1-scaled-r38wvf72g7tvu9xwnaywy3zuoer9japtyzlmmbwap8.jpg\" title=\"engineering_1\" alt=\"engineering_1\" loading=\"lazy\" \/>\t\t\t\t\t\t\t\t<\/a>\n\t\t\t\t\t\t\t\t\t\t\t\t\t\t\t<\/div>\n\t\t\t\t<\/div>\n\t\t\t\t<div class=\"elementor-element elementor-element-0cde0c5 elementor-widget elementor-widget-text-editor\" data-id=\"0cde0c5\" data-element_type=\"widget\" data-widget_type=\"text-editor.default\">\n\t\t\t\t<div class=\"elementor-widget-container\">\n\t\t\t\t\t\t\t\t\t<p><span class=\"TextRun SCXO74678438 BCX4\" lang=\"DE-DE\" xml:lang=\"DE-DE\" data-contrast=\"auto\"><span class=\"NormalTextRun SCXO74678438 BCX4\">Engineering ist der j\u00fcngste Gesch\u00e4ftsbereich der MAFAG AG. Wir bieten die Planung f\u00fcr Bahntechnikanlagen, Elektroplanung sowie die Fachbauleitung \u00fcber s\u00e4mtliche Projektphasen von der Vorstudie bis zur Inbetriebnahme an. Ob konventionell geplant oder mit BIM wir planen f\u00fcr sie Ihre Anlagen.<\/span><\/span><span class=\"EOP SCXO74678438 BCX4\">\u00a0<\/span><\/p>\t\t\t\t\t\t\t\t<\/div>\n\t\t\t\t<\/div>\n\t\t\t\t<\/div>\n\t\t\t\t\t<\/div>\n\t\t\t\t<\/div>\n\t\t\t\t<\/div>\n\t\t","protected":false},"excerpt":{"rendered":"<p>Engineering Engineering ist der j\u00fcngste Gesch\u00e4ftsbereich der MAFAG AG. Wir bieten die Planung f\u00fcr Bahntechnikanlagen, Elektroplanung sowie die Fachbauleitung \u00fcber s\u00e4mtliche Projektphasen von der Vorstudie bis zur Inbetriebnahme an. Ob konventionell geplant oder mit BIM wir planen f\u00fcr sie Ihre Anlagen.\u00a0<\/p>\n","protected":false},"author":1,"featured_media":0,"parent":0,"menu_order":0,"comment_status":"closed","ping_status":"closed","template":"","meta":{"footnotes":""},"class_list":["post-16","page","type-page","status-publish","hentry"],"jetpack_sharing_enabled":true,"_links":{"self":[{"href":"https:\/\/mafag-ag.ch\/index.php\/wp-json\/wp\/v2\/pages\/16","targetHints":{"allow":["GET"]}}],"collection":[{"href":"https:\/\/mafag-ag.ch\/index.php\/wp-json\/wp\/v2\/pages"}],"about":[{"href":"https:\/\/mafag-ag.ch\/index.php\/wp-json\/wp\/v2\/types\/page"}],"author":[{"embeddable":true,"href":"https:\/\/mafag-ag.ch\/index.php\/wp-json\/wp\/v2\/users\/1"}],"replies":[{"embeddable":true,"href":"https:\/\/mafag-ag.ch\/index.php\/wp-json\/wp\/v2\/comments?post=16"}],"version-history":[{"count":10,"href":"https:\/\/mafag-ag.ch\/index.php\/wp-json\/wp\/v2\/pages\/16\/revisions"}],"predecessor-version":[{"id":364,"href":"https:\/\/mafag-ag.ch\/index.php\/wp-json\/wp\/v2\/pages\/16\/revisions\/364"}],"wp:attachment":[{"href":"https:\/\/mafag-ag.ch\/index.php\/wp-json\/wp\/v2\/media?parent=16"}],"curies":[{"name":"wp","href":"https:\/\/api.w.org\/{rel}","templated":true}]}}